{"id":1071,"date":"2015-12-14T07:14:55","date_gmt":"2015-12-14T07:14:55","guid":{"rendered":"http:\/\/consulting.stylemixthemes.com\/?page_id=2"},"modified":"2018-11-22T12:37:02","modified_gmt":"2018-11-22T12:37:02","slug":"sample-page-2","status":"publish","type":"page","link":"https:\/\/soberanoseguranca.com.br\/","title":{"rendered":"home"},"content":{"rendered":"<section class=\"wpb-content-wrapper\"><p>[vc_row full_width=&#8221;stretch_row_content_no_spaces&#8221; css=&#8221;.vc_custom_1535468404128{margin-bottom: 0px !important;}&#8221;][vc_column offset=&#8221;vc_hidden-xs&#8221;][stm_spacing lg_spacing=&#8221;190px&#8221; md_spacing=&#8221;190px&#8221; sm_spacing=&#8221;190px&#8221;][rev_slider_vc alias=&#8221;main_slider&#8221;][\/vc_column][\/vc_row][vc_row full_width=&#8221;stretch_row&#8221; content_placement=&#8221;top&#8221; el_class=&#8221;third_bg_color&#8221; css=&#8221;.vc_custom_1535468593175{margin-bottom: 75px !important;background-position: 0 0 !important;background-repeat: no-repeat !important;}&#8221;][vc_column][vc_cta h2=&#8221;&#8221; h2_font_container=&#8221;font_size:20px|line_height:24px&#8221; h2_use_theme_fonts=&#8221;yes&#8221; style=&#8221;flat&#8221; add_button=&#8221;right&#8221; btn_title=&#8221;Solictar Or\u00e7amento&#8221; btn_style=&#8221;flat&#8221; btn_color=&#8221;theme_style_2&#8243; btn_align=&#8221;right&#8221; btn_i_align=&#8221;right&#8221; btn_i_icon_fontawesome=&#8221;fa fa-chevron-right&#8221; use_custom_fonts_h2=&#8221;true&#8221; btn_add_icon=&#8221;true&#8221; el_class=&#8221;third_bg_color&#8221; css=&#8221;.vc_custom_1542888858548{margin-bottom: 0px !important;}&#8221;]<\/p>\n<h2><span style=\"color: #ffffff;\"><strong>\u201cfique tranquilo em qualquer lugar\u201d<\/strong><\/span><\/h2>\n<p>[\/vc_cta][\/vc_column][\/vc_row][vc_row full_width=&#8221;stretch_row&#8221; content_placement=&#8221;top&#8221; css=&#8221;.vc_custom_1537022805884{background-position: center !important;background-repeat: no-repeat !important;background-size: cover !important;}&#8221;][vc_column][vc_custom_heading stripe_pos=&#8221;hide&#8221; text=&#8221;<mark>Monitoramento Residencial,<br \/>\nComercial e Empresarial<\/mark>&#8221; font_container=&#8221;tag:h1|text_align:center|color:%23ffffff&#8221; use_theme_fonts=&#8221;yes&#8221; stripe_hide=&#8221;yes&#8221; subtitle_color=&#8221;#ffffff&#8221;][\/vc_column][\/vc_row][vc_row css=&#8221;.vc_custom_1460354842886{margin-bottom: 67px !important;}&#8221;][vc_column width=&#8221;1\/2&#8243; offset=&#8221;vc_col-lg-3 vc_col-md-3&#8243;][stm_info_box align_center=&#8221;yes&#8221; style=&#8221;style_4&#8243; title=&#8221;Centro de controle&#8221; image=&#8221;1676&#8243; link=&#8221;url:%23||&#8221; css=&#8221;.vc_custom_1537124390158{margin-bottom: 0px !important;}&#8221;]<\/p>\n<ul>\n<li style=\"text-align: left;\">Consultoria;<\/li>\n<li style=\"text-align: left;\">Atualiza\u00e7\u00e3o de tecnologia;<\/li>\n<li style=\"text-align: left;\">Elabora\u00e7\u00e3o e execu\u00e7\u00e3o de projetos;<\/li>\n<li style=\"text-align: left;\">Videowall;<\/li>\n<li style=\"text-align: left;\">OCR;<\/li>\n<li style=\"text-align: left;\">Visualiza\u00e7\u00e3o de imagens de m\u00faltiplos servidores de CFTV;<\/li>\n<\/ul>\n<p>[\/stm_info_box][stm_spacing sm_spacing=&#8221;40px&#8221; xs_spacing=&#8221;40px&#8221;][\/vc_column][vc_column width=&#8221;1\/2&#8243; offset=&#8221;vc_col-lg-3 vc_col-md-3&#8243;][stm_info_box style=&#8221;style_4&#8243; title=&#8221;V\u00eddeo vigil\u00e2ncia \u2013 CFTV&#8221; image=&#8221;1720&#8243; link=&#8221;url:%23||&#8221; css=&#8221;.vc_custom_1537122433427{margin-bottom: 0px !important;}&#8221;]<\/p>\n<ul>\n<li>Consultoria para RH, gest\u00e3o patrimonial, e demais departamentos;<\/li>\n<li>Atualiza\u00e7\u00e3o de tecnologia;<\/li>\n<li>Elabora\u00e7\u00e3o e execu\u00e7\u00e3o de projetos;<\/li>\n<li>Dimensionamento e cria\u00e7\u00e3o de infraestrutura f\u00edsica;<\/li>\n<\/ul>\n<p>[\/stm_info_box][stm_spacing sm_spacing=&#8221;40px&#8221; xs_spacing=&#8221;40px&#8221;][\/vc_column][vc_column width=&#8221;1\/2&#8243; offset=&#8221;vc_col-lg-3 vc_col-md-3&#8243;][stm_info_box style=&#8221;style_4&#8243; title=&#8221;Alarme intrus\u00e3o&#8221; image=&#8221;1726&#8243; link=&#8221;url:%23||&#8221; css=&#8221;.vc_custom_1537123275212{margin-bottom: 0px !important;}&#8221;]<\/p>\n<ul>\n<li>Consultoria;<\/li>\n<li>Atualiza\u00e7\u00e3o de tecnologia;<\/li>\n<li>Elabora\u00e7\u00e3o e execu\u00e7\u00e3o de projetos;<\/li>\n<li>Detec\u00e7\u00e3o de invas\u00e3o em ambientes internos e externos;<\/li>\n<li>Detec\u00e7\u00e3o de per\u00edmetros de \u00e1reas: Industriais, portu\u00e1rias, coorporativas e \u00e1reas de rodovias atrav\u00e9s de sensores infravermelhos, cabo microf\u00f4nico e capacitivo;<\/li>\n<\/ul>\n<p>[\/stm_info_box][stm_spacing xs_spacing=&#8221;40px&#8221;][\/vc_column][vc_column width=&#8221;1\/2&#8243; offset=&#8221;vc_col-lg-3 vc_col-md-3&#8243;][vc_custom_heading stripe_pos=&#8221;top_bottom&#8221; text=&#8221;Solicitar<br \/>\nOr\u00e7amento&#8221; font_container=&#8221;tag:h2|text_align:center&#8221; use_theme_fonts=&#8221;yes&#8221;]\n<div class=\"wpcf7 no-js\" id=\"wpcf7-f1272-o1\" lang=\"en-US\" dir=\"ltr\">\n<div class=\"screen-reader-response\"><p role=\"status\" aria-live=\"polite\" aria-atomic=\"true\"><\/p> <ul><\/ul><\/div>\n<form action=\"\/index.php?rest_route=%2Fwp%2Fv2%2Fpages%2F1071#wpcf7-f1272-o1\" method=\"post\" class=\"wpcf7-form init\" aria-label=\"Contact form\" novalidate=\"novalidate\" data-status=\"init\">\n<div style=\"display: none;\">\n<input type=\"hidden\" name=\"_wpcf7\" value=\"1272\" \/>\n<input type=\"hidden\" name=\"_wpcf7_version\" value=\"5.7.4\" \/>\n<input type=\"hidden\" name=\"_wpcf7_locale\" value=\"en_US\" \/>\n<input type=\"hidden\" name=\"_wpcf7_unit_tag\" value=\"wpcf7-f1272-o1\" \/>\n<input type=\"hidden\" name=\"_wpcf7_container_post\" value=\"0\" \/>\n<input type=\"hidden\" name=\"_wpcf7_posted_data_hash\" value=\"\" \/>\n<\/div>\n<div class=\"request_callback_5\">\n\t<div class=\"row\">\n\t\t<div class=\"col-xs-12\">\n\t\t\t<div class=\"input-group\">\n\t\t\t\t<p><span class=\"wpcf7-form-control-wrap\" data-name=\"text-name\"><input size=\"40\" class=\"wpcf7-form-control wpcf7-text wpcf7-validates-as-required\" aria-required=\"true\" aria-invalid=\"false\" placeholder=\"Nome\" value=\"\" type=\"text\" name=\"text-name\" \/><\/span>\n\t\t\t\t<\/p>\n\t\t\t<\/div>\n\t\t<\/div>\n\t\t<div class=\"col-xs-12\">\n\t\t\t<div class=\"input-group\">\n\t\t\t\t<p><span class=\"wpcf7-form-control-wrap\" data-name=\"services_consulting\"><select class=\"wpcf7-form-control wpcf7-select\" aria-invalid=\"false\" name=\"services_consulting\"><option value=\"\">Plano Residencial<\/option><option value=\"Plano Empresarial\">Plano Empresarial<\/option><option value=\"Plano comercial\">Plano comercial<\/option><\/select><\/span>\n\t\t\t\t<\/p>\n\t\t\t<\/div>\n\t\t<\/div>\n\t\t<div class=\"col-xs-12\">\n\t\t\t<div class=\"input-group\">\n\t\t\t\t<p><span class=\"wpcf7-form-control-wrap\" data-name=\"phone\"><input size=\"40\" class=\"wpcf7-form-control wpcf7-text wpcf7-tel wpcf7-validates-as-required wpcf7-validates-as-tel\" aria-required=\"true\" aria-invalid=\"false\" placeholder=\"Telefone\" value=\"\" type=\"tel\" name=\"phone\" \/><\/span>\n\t\t\t\t<\/p>\n\t\t\t<\/div>\n\t\t<\/div>\n\t\t<div class=\"col-xs-12\">\n\t\t\t<div class=\"input-group\">\n\t\t\t\t<p><button type=\"submit\" class=\"button theme_style_3 size-lg icon_right\">Solictar Or\u00e7amento<i class=\"fa fa-chevron-right\"><\/i><\/button>\n\t\t\t\t<\/p>\n\t\t\t<\/div>\n\t\t<\/div>\n\t<\/div>\n<\/div><div class=\"wpcf7-response-output\" aria-hidden=\"true\"><\/div>\n<\/form>\n<\/div>\n[\/vc_column][\/vc_row][vc_row full_width=&#8221;stretch_row&#8221; css=&#8221;.vc_custom_1538070827330{padding-top: 95px !important;padding-bottom: 66px !important;background-image: url(https:\/\/soberanoseguranca.com.br\/wp-content\/uploads\/2018\/08\/lock.png?id=1653) !important;background-position: center !important;background-repeat: no-repeat !important;background-size: cover !important;}&#8221; el_class=&#8221;overlay_4 fixed_bg&#8221;][vc_column][vc_custom_heading stripe_pos=&#8221;hide&#8221; text=&#8221;Porque os <mark>clientes <\/mark>nos escolhem?&#8221; font_container=&#8221;tag:h1|text_align:center|color:%23ffffff&#8221; use_theme_fonts=&#8221;yes&#8221; css_animation=&#8221;zoomInDown&#8221; subtitle=&#8221;V\u00e1rias raz\u00f5es para compartilhar&#8221; stripe_hide=&#8221;yes&#8221; subtitle_color=&#8221;#ffffff&#8221;][\/vc_column][\/vc_row][vc_row full_width=&#8221;stretch_row&#8221; css=&#8221;.vc_custom_1542890211792{margin-bottom: -70px !important;padding-top: 104px !important;padding-bottom: 100px !important;background-image: url(https:\/\/soberanoseguranca.com.br\/wp-content\/uploads\/2018\/09\/videoblocks-security-camera-on-black-background_hxxetsjal_thumbnail-full01.png?id=1757) !important;background-position: center !important;background-repeat: no-repeat !important;background-size: cover !important;}&#8221; el_class=&#8221;overlay_4 fixed_bg&#8221;][vc_column][stm_animation_block animation=&#8221;fadeInUp&#8221; animation_duration=&#8221;0.4&#8243; animation_delay=&#8221;0&#8243;][vc_custom_heading stripe_pos=&#8221;hide&#8221; text=&#8221;<mark>PROFISSIONAIS<\/mark><br \/>\nCOM MAIS DE 10 ANOS<br \/>\nDE EXPERI\u00caNCIA&#8221; font_container=&#8221;tag:h1|text_align:center|color:%23ffffff|line_height:48px&#8221; use_theme_fonts=&#8221;yes&#8221; css=&#8221;.vc_custom_1542888983435{margin-bottom: 71px !important;}&#8221;][\/stm_animation_block][vc_row_inner][vc_column_inner width=&#8221;1\/2&#8243; offset=&#8221;vc_col-lg-3 vc_col-md-3&#8243;][stm_animation_block animation=&#8221;fadeInUp&#8221; animation_duration=&#8221;0.4&#8243; animation_delay=&#8221;0&#8243;][stm_icon_box box_style=&#8221;style_2&#8243; alignment=&#8221;center&#8221; title_color=&#8221;custom&#8221; icon=&#8221;stm-polygon&#8221; icon_size=&#8221;59&#8243; icon_color=&#8221;secondary&#8221; icon_width_wr=&#8221;77&#8243; title_font_size=&#8221;20&#8243; title=&#8221;Projetos<br \/>\nInovadores&#8221; title_color_custom=&#8221;#ffffff&#8221; title_line_height=&#8221;22&#8243;][\/stm_icon_box][\/stm_animation_block][stm_spacing sm_spacing=&#8221;30px&#8221; xs_spacing=&#8221;30px&#8221;][\/vc_column_inner][vc_column_inner width=&#8221;1\/2&#8243; offset=&#8221;vc_col-lg-3 vc_col-md-3&#8243;][stm_animation_block animation=&#8221;fadeInUp&#8221; animation_duration=&#8221;0.4&#8243; animation_delay=&#8221;0.2&#8243;][stm_icon_box box_style=&#8221;style_2&#8243; alignment=&#8221;center&#8221; title_color=&#8221;custom&#8221; icon=&#8221;stm-user&#8221; icon_size=&#8221;59&#8243; icon_color=&#8221;secondary&#8221; icon_width_wr=&#8221;61&#8243; title_font_size=&#8221;20&#8243; title=&#8221;Clientes sempre Satisfeitos&#8221; title_color_custom=&#8221;#ffffff&#8221; title_line_height=&#8221;22&#8243;][\/stm_icon_box][\/stm_animation_block][stm_spacing sm_spacing=&#8221;30px&#8221; xs_spacing=&#8221;30px&#8221;][\/vc_column_inner][vc_column_inner width=&#8221;1\/2&#8243; offset=&#8221;vc_col-lg-3 vc_col-md-3&#8243;][stm_animation_block animation=&#8221;fadeInUp&#8221; animation_duration=&#8221;0.4&#8243; animation_delay=&#8221;0.4&#8243;][stm_icon_box box_style=&#8221;style_2&#8243; alignment=&#8221;center&#8221; title_color=&#8221;custom&#8221; icon=&#8221;stm-cup&#8221; icon_size=&#8221;54&#8243; icon_color=&#8221;secondary&#8221; icon_width_wr=&#8221;68&#8243; title_font_size=&#8221;20&#8243; title=&#8221;100% satisfa\u00e7\u00e3o<br \/>\nGarantida&#8221; title_color_custom=&#8221;#ffffff&#8221; title_line_height=&#8221;22&#8243;][\/stm_icon_box][\/stm_animation_block][stm_spacing xs_spacing=&#8221;30px&#8221;][\/vc_column_inner][vc_column_inner width=&#8221;1\/2&#8243; offset=&#8221;vc_col-lg-3 vc_col-md-3&#8243;][stm_animation_block animation=&#8221;fadeInUp&#8221; animation_duration=&#8221;0.4&#8243; animation_delay=&#8221;0.6&#8243;][stm_icon_box box_style=&#8221;style_2&#8243; alignment=&#8221;center&#8221; title_color=&#8221;custom&#8221; icon=&#8221;stm-crown&#8221; icon_size=&#8221;56&#8243; icon_color=&#8221;secondary&#8221; icon_width_wr=&#8221;72&#8243; title_font_size=&#8221;20&#8243; title=&#8221;L\u00edder em Produtos<br \/>\nde Seguran\u00e7a&#8221; title_color_custom=&#8221;#ffffff&#8221; title_line_height=&#8221;22&#8243;][\/stm_icon_box][\/stm_animation_block][\/vc_column_inner][\/vc_row_inner][\/vc_column][\/vc_row]<\/p>\n<\/section>","protected":false},"excerpt":{"rendered":"<p>[vc_row full_width=&#8221;stretch_row_content_no_spaces&#8221; css=&#8221;.vc_custom_1535468404128{margin-bottom: 0px !important;}&#8221;][vc_column offset=&#8221;vc_hidden-xs&#8221;][stm_spacing lg_spacing=&#8221;190px&#8221; md_spacing=&#8221;190px&#8221; sm_spacing=&#8221;190px&#8221;][rev_slider_vc alias=&#8221;main_slider&#8221;][\/vc_column][\/vc_row][vc_row full_width=&#8221;stretch_row&#8221; content_placement=&#8221;top&#8221; el_class=&#8221;third_bg_color&#8221; css=&#8221;.vc_custom_1535468593175{margin-bottom: 75px !important;background-position: 0 0 !important;background-repeat: no-repeat !important;}&#8221;][vc_column][vc_cta h2=&#8221;&#8221; h2_font_container=&#8221;font_size:20px|line_height:24px&#8221; h2_use_theme_fonts=&#8221;yes&#8221; style=&#8221;flat&#8221; add_button=&#8221;right&#8221; btn_title=&#8221;Solictar Or\u00e7amento&#8221; btn_style=&#8221;flat&#8221; btn_color=&#8221;theme_style_2&#8243; btn_align=&#8221;right&#8221; btn_i_align=&#8221;right&#8221; btn_i_icon_fontawesome=&#8221;fa fa-chevron-right&#8221; use_custom_fonts_h2=&#8221;true&#8221; btn_add_icon=&#8221;true&#8221; el_class=&#8221;third_bg_color&#8221; css=&#8221;.vc_custom_1542888858548{margin-bottom: 0px !important;}&#8221;] \u201cfique tranquilo em qualquer lugar\u201d [\/vc_cta][\/vc_column][\/vc_row][vc_row full_width=&#8221;stretch_row&#8221; content_placement=&#8221;top&#8221; css=&#8221;.vc_custom_1537022805884{background-position: center !important;background-repeat: no-repeat !important;background-size: cover !important;}&#8221;][vc_column][vc_custom_heading<\/p>\n","protected":false},"author":1,"featured_media":0,"parent":0,"menu_order":0,"comment_status":"closed","ping_status":"closed","template":"","meta":{"om_disable_all_campaigns":false,"footnotes":""},"amp_enabled":false,"_links":{"self":[{"href":"https:\/\/soberanoseguranca.com.br\/index.php?rest_route=\/wp\/v2\/pages\/1071"}],"collection":[{"href":"https:\/\/soberanoseguranca.com.br\/index.php?rest_route=\/wp\/v2\/pages"}],"about":[{"href":"https:\/\/soberanoseguranca.com.br\/index.php?rest_route=\/wp\/v2\/types\/page"}],"author":[{"embeddable":true,"href":"https:\/\/soberanoseguranca.com.br\/index.php?rest_route=\/wp\/v2\/users\/1"}],"replies":[{"embeddable":true,"href":"https:\/\/soberanoseguranca.com.br\/index.php?rest_route=%2Fwp%2Fv2%2Fcomments&post=1071"}],"version-history":[{"count":19,"href":"https:\/\/soberanoseguranca.com.br\/index.php?rest_route=\/wp\/v2\/pages\/1071\/revisions"}],"predecessor-version":[{"id":1771,"href":"https:\/\/soberanoseguranca.com.br\/index.php?rest_route=\/wp\/v2\/pages\/1071\/revisions\/1771"}],"wp:attachment":[{"href":"https:\/\/soberanoseguranca.com.br\/index.php?rest_route=%2Fwp%2Fv2%2Fmedia&parent=1071"}],"curies":[{"name":"wp","href":"https:\/\/api.w.org\/{rel}","templated":true}]}}